{"id":21,"date":"2025-10-07T16:14:05","date_gmt":"2025-10-07T14:14:05","guid":{"rendered":"https:\/\/die-feuermelder.de\/?page_id=21"},"modified":"2026-05-06T00:16:46","modified_gmt":"2026-05-05T22:16:46","slug":"ueber","status":"publish","type":"page","link":"https:\/\/die-feuermelder.de\/?page_id=21","title":{"rendered":"\u00dcber uns"},"content":{"rendered":"\n<p><\/p>\n\n\n\n<p>Wir reden viel miteinander. Uns eint die Sorge um die Zukunft unseres Planeten. Wir wollen nicht zusehen, wie der vor die Hunde geht.<\/p>\n\n\n\n<p>Wir wollen aufr\u00fctteln und wachmachen, wollen melden, dass die Erde brennt. Wir sind Feuermelder. Heinz B\u00f6er hat dies so beschrieben:<\/p>\n\n\n\n<div data-wp-interactive=\"core\/file\" class=\"wp-block-file\"><object data-wp-bind--hidden=\"!state.hasPdfPreview\" hidden class=\"wp-block-file__embed\" data=\"https:\/\/die-feuermelder.de\/wp-content\/uploads\/2025\/10\/Feuermelder.pdf\" type=\"application\/pdf\" style=\"width:100%;height:350px\" aria-label=\"Einbettung von Feuermelder.\"><\/object><a id=\"wp-block-file--media-940ba4bb-3641-4b2b-b0f9-43c1d3bb8732\" href=\"https:\/\/die-feuermelder.de\/wp-content\/uploads\/2025\/10\/Feuermelder.pdf\">Feuermelder<\/a><a href=\"https:\/\/die-feuermelder.de\/wp-content\/uploads\/2025\/10\/Feuermelder.pdf\" class=\"wp-block-file__button wp-element-button\" download aria-describedby=\"wp-block-file--media-940ba4bb-3641-4b2b-b0f9-43c1d3bb8732\">Herunterladen<\/a><\/div>\n\n\n\n<p>Kreis Coesfeld. Was macht eigentlich die Gruppe \u201eLetzte Generation Kreis Coesfeld\u201c? Antwort: Es gibt sie weiter. Und sie hat sich einen neuen Namen zugelegt: \u201eFeuermelder\u201c im Kreis Coesfeld. Der Hintergrund: In den letzten Wochen ist dar\u00fcber berichtet worden, dass auf Bundesebene die \u201eLetzte Generation\u201c ihr Konzept ge\u00e4ndert hat, zusammen auch mit der \u00c4nderung des Namens. Ausf\u00fchrlich diskutierte die Kreis Coesfeld-Gruppe \u00fcber diese Neuausrichtung. Das Ergebnis: Die rund 20 Mitglieder der Gruppe \u2013 allesamt \u00fcber 50 Jahre \u2013 werden weiter im Kreis aktiv sein und auf die rasant zunehmende Erderhitzung aufmerksam machen. Sie werden weiter \u2013 auch st\u00f6rend und provozierend, aber immer friedlich, gewaltfrei und in Absprache mit der Polizei im Kreis \u2013 Aktionen, auch Blockade-Aktionen durchf\u00fchren. Der neue Name ist dabei Programm: \u201eWas tut man, wenn das Haus brennt?\u201c, erl\u00e4utert Bernadette Klaus, Billerbeck, die neue Namensgebung. \u201eMan bet\u00e4tigt den Feuermelder, weil unbedingt alles getan werden muss, um den Brand zu l\u00f6schen!\u201c&nbsp; Und weiter: \u201eWir befinden uns mittendrin im Klimawandel. Die Pole schmelzen, Die Meeresspiegel steigen an. Die Meere erw\u00e4rmen sich und l\u00f6sen dramatische Unwetter aus: Hier Wasserknappheit und D\u00fcrre, die in ganzen Regionen der Welt kein Leben mehr m\u00f6glich machen, dort verheerende \u00dcberschwemmungen mit Zerst\u00f6rungen und Tod.\u201c Und dies sei erst der Anfang. Das Pariser Klimaziel von plus 1,5 Grad Erw\u00e4rmung sei l\u00e4ngst gerissen, viel fr\u00fcher, als Klimawissenschaftler noch vor Jahren prognostizierten. Die Welt gehe \u2013 werde nicht sofort das Ruder herumgerissen, auf eine Erderhitzung von plus drei Grad zu. Eva Cohaus, Nottuln: \u201eDas wird eine Welt sein, die wir uns nicht vorstellen wollen. Was wird aus unseren Kindern und Enkelkindern?\u201c Diese Blockadeaktionen sind f\u00fcr die \u201eFeuermelder\u201c Akte \u201epurer Verzweiflung\u201c.&nbsp; Seit vielen Jahren engagieren sich alle in verschiedenen Umwelt- und Klimagruppen, organisieren Informationsveranstaltungen und Demonstrationen. Ohne einen wirklichen Erfolg. Penelope Glenn, D\u00fclmen: \u201eDie Politik hat nichts begriffen von den Gefahren, die auf uns zukommen! Und wir werden nicht einfach tatenlos zugucken!\u201c Und so werden bereits f\u00fcr die kommenden Wochen wieder in den einzelnen Kommunen des Kreises \u201eFeuermelder\u201c-Aktionen geplant \u2013 jeweils mit verschiedenen bunten Untertiteln wie: \u201eAktiv f\u00fcrs Klima!\u201c, \u201eRettet unsere Zukunft!\u201c, \u201eNuh geiht loss!\u201c, \u201eBlaulicht f\u00fcrs Klima!\u201c oder einfach nur \u201eTat\u00fc tata!\u201c Dabei l\u00e4dt die Gruppe alle ein, mitzumachen und\/oder sich ihr anzuschlie\u00dfen.<\/p>\n\n\n\n<figure class=\"wp-block-video\"><video height=\"1080\" style=\"aspect-ratio: 2288 \/ 1080;\" width=\"2288\" controls src=\"http:\/\/die-feuermelder.de\/wp-content\/uploads\/2026\/05\/20250409_201731.mp4\"><\/video><\/figure>\n\n\n\n<p><\/p>\n","protected":false},"excerpt":{"rendered":"<p>Wir reden viel miteinander. Uns eint die Sorge um die Zukunft unseres Planeten. Wir wollen nicht zusehen, wie der vor die Hunde geht. Wir wollen aufr\u00fctteln und wachmachen, wollen melden, dass die Erde brennt. Wir sind Feuermelder. Heinz B\u00f6er hat dies so beschrieben: Kreis Coesfeld. Was macht eigentlich die Gruppe \u201eLetzte Generation Kreis Coesfeld\u201c? Antwort: &hellip; <\/p>\n<p class=\"link-more\"><a href=\"https:\/\/die-feuermelder.de\/?page_id=21\" class=\"more-link\"><span class=\"screen-reader-text\">\u201e\u00dcber uns\u201c<\/span> weiterlesen<\/a><\/p>\n","protected":false},"author":1,"featured_media":0,"parent":0,"menu_order":0,"comment_status":"closed","ping_status":"closed","template":"","meta":{"footnotes":""},"class_list":["post-21","page","type-page","status-publish","hentry"],"_links":{"self":[{"href":"https:\/\/die-feuermelder.de\/index.php?rest_route=\/wp\/v2\/pages\/21","targetHints":{"allow":["GET"]}}],"collection":[{"href":"https:\/\/die-feuermelder.de\/index.php?rest_route=\/wp\/v2\/pages"}],"about":[{"href":"https:\/\/die-feuermelder.de\/index.php?rest_route=\/wp\/v2\/types\/page"}],"author":[{"embeddable":true,"href":"https:\/\/die-feuermelder.de\/index.php?rest_route=\/wp\/v2\/users\/1"}],"replies":[{"embeddable":true,"href":"https:\/\/die-feuermelder.de\/index.php?rest_route=%2Fwp%2Fv2%2Fcomments&post=21"}],"version-history":[{"count":7,"href":"https:\/\/die-feuermelder.de\/index.php?rest_route=\/wp\/v2\/pages\/21\/revisions"}],"predecessor-version":[{"id":176,"href":"https:\/\/die-feuermelder.de\/index.php?rest_route=\/wp\/v2\/pages\/21\/revisions\/176"}],"wp:attachment":[{"href":"https:\/\/die-feuermelder.de\/index.php?rest_route=%2Fwp%2Fv2%2Fmedia&parent=21"}],"curies":[{"name":"wp","href":"https:\/\/api.w.org\/{rel}","templated":true}]}}