{"id":46,"date":"2025-10-07T16:20:14","date_gmt":"2025-10-07T14:20:14","guid":{"rendered":"https:\/\/die-feuermelder.de\/?page_id=46"},"modified":"2025-10-09T10:06:38","modified_gmt":"2025-10-09T08:06:38","slug":"unsere-ideen","status":"publish","type":"page","link":"https:\/\/die-feuermelder.de\/?page_id=46","title":{"rendered":"Unsere Aktionen und Aktivit\u00e4ten"},"content":{"rendered":"\n<p><strong>8.10.2025   Olfen<\/strong><\/p>\n\n\n\n<p class=\"has-medium-font-size\"><strong>\u201eWir wollen wir in Zukunft leben?\u201c <\/strong><\/p>\n\n\n\n<p class=\"has-small-font-size\">(Foto &#8211; Vortrag\/Video Vortrag\/Folien)<\/p>\n\n\n\n<p>Klimaabend in Olfen:\u00a0 <br>Ein beeindruckender Vortrag der \u201eFeuermelder\u201c <br>und eine muntere Diskussion danach.<\/p>\n\n\n\n<p><\/p>\n\n\n\n<p>Olfen. \u201eWir gehen sehenden Auges in die Katastrophe! Dabei k\u00f6nnen und wollen wir nicht zusehen.&nbsp; Wir wollen aufr\u00fctteln und daf\u00fcr sind St\u00f6rung und<\/p>\n\n\n\n<figure class=\"wp-block-image size-large\"><img loading=\"lazy\" decoding=\"async\" width=\"1024\" height=\"519\" src=\"http:\/\/die-feuermelder.de\/wp-content\/uploads\/2025\/10\/Pressebild-1024x519.jpeg\" alt=\"\" class=\"wp-image-118\" srcset=\"https:\/\/die-feuermelder.de\/wp-content\/uploads\/2025\/10\/Pressebild-1024x519.jpeg 1024w, https:\/\/die-feuermelder.de\/wp-content\/uploads\/2025\/10\/Pressebild-300x152.jpeg 300w, https:\/\/die-feuermelder.de\/wp-content\/uploads\/2025\/10\/Pressebild-768x389.jpeg 768w, https:\/\/die-feuermelder.de\/wp-content\/uploads\/2025\/10\/Pressebild-1536x779.jpeg 1536w, https:\/\/die-feuermelder.de\/wp-content\/uploads\/2025\/10\/Pressebild.jpeg 2048w\" sizes=\"auto, (max-width: 767px) 89vw, (max-width: 1000px) 54vw, (max-width: 1071px) 543px, 580px\" \/><\/figure>\n\n\n\n<p>Unterbrechung notwendig, alles andere dringt nicht durch. Diese Art Politik zu machen, stellen wir gerne zur Diskussion!&nbsp; Wir h\u00f6ren gerne Widerspruch \u2013 am besten konstruktiv.&nbsp; Welche Ideen und Vorschl\u00e4ge habt ihr? Wie k\u00f6nnen wir die Politik vor Ort und in Berlin aufr\u00fctteln?\u201c Mit einem leidenschaftlichen Appell beendete am Mittwochabend im Haus Katharina Gerlinde Albrecht von der Klimaschutzgruppe \u201eDie Feuermelder\u201c ihren Vortrag. Die Klimaaktivisten hatten in Olfen vor zwei Wochen im Rahmen des globalen Klimastreiks eine Blockade-Aktion durchgef\u00fchrt. Nun die Olfener zu einem Vortrags- und Gespr\u00e4chsabend eingeladen. Ca. 20 B\u00fcrgerinnen und B\u00fcrger kamen. Eine sehr muntere und angeregte Diskussion entstand. \u00dcbrig blieben an dem Abend schon sehr unterschiedliche Meinungen: \u201eEs gibt keinen menschengemachten Klimawandel. Das ist alles wissenschaftlich nicht bewiesen!\u201c bis zu der gro\u00dfen Sorge, ob wir alle noch die Klimakatastrophe abwenden k\u00f6nnen: \u201eIch bin sehr verzweifelt und sehe im Moment keine M\u00f6glichkeit, dass wir unseren Planeten noch retten k\u00f6nnen!\u201c \u2013 so eine Teilnehmerin. Aber die Olfener machten auch Mut, zeigten lokale Projekte und Initiativen auf, die eine zukunftsf\u00e4hige Entwicklung noch erm\u00f6glichten. So wurde noch vor kurzem eine B\u00fcrgersolaranlage auf das Dach des Hauses Katharina installiert. Es g\u00e4be auch eine Initiative Soziale Landwirtschaft (SoLaWi). Und diese Olfener machten deutlich: \u201eWir bleiben dran!\u201c. Zeigten auch Interesse, mit der Gruppe \u201eDie Feuermelder\u201c in Kontakt zu bleiben und ggf. den n\u00e4chsten globalen Klimastreik am Freitag, den 14.11.2025 mit vorzubereiten. &nbsp;Erste Kontakte sind auf jeden Fall hergestellt. Weitere sind erw\u00fcnscht. (<a href=\"mailto:info@die-feuermelder.de\">info@die-feuermelder.de<\/a>).<\/p>\n\n\n\n<figure class=\"wp-block-embed is-type-video is-provider-youtube wp-block-embed-youtube wp-embed-aspect-16-9 wp-has-aspect-ratio\"><div class=\"wp-block-embed__wrapper\">\n<iframe loading=\"lazy\" title=\"Gerlinde Albrecht  Vortrag &quot;Die Feuermelder&quot;      Olfen 8 10 25\" width=\"525\" height=\"295\" src=\"https:\/\/www.youtube.com\/embed\/o-UPjv5tjRU?feature=oembed\" frameborder=\"0\" allow=\"accelerometer; autoplay; clipboard-write; encrypted-media; gyroscope; picture-in-picture; web-share\" referrerpolicy=\"strict-origin-when-cross-origin\" allowfullscreen><\/iframe>\n<\/div><\/figure>\n\n\n\n<p><br>\u201eWir m\u00fcssen uns jetzt f\u00fcr unsere Zukunft entscheiden und dar\u00fcber nachdenken, was wir \u00e4ndern k\u00f6nnen und wollen. Das Fenster des Handelns schlie\u00dft sich schnell.\u201c Mit dramatischen Worten, Zahlen, Grafiken und Einspielern von deutschen Klimawissenschaftlern hatte Gerlinde Albrecht den momentanen Forschungsstand zum Klimawandel zu Beginn des Abends beschrieben: \u201eKonkret wissen wir seit dem letzten Jahr, dass wir das 1,5 Grad-Ziel, das auf der Weltklimakonferenz in Paris 2015 verbindlich von allen Staaten mit entsprechenden Ma\u00dfnahmen beschlossen wurde, verpasst haben.\u201c Und nicht nur das: \u201eEs wird prognostiziert, dass die globale Erw\u00e4rmung auf 3 Grad bereits 2050 erreicht werden kann.\u201c Vor 14 Tagen erst h\u00e4tten die Deutsche Meteorologische Gesellschaft und die Deutsche Physikalische Gesellschaft vor einer dramatischen Beschleunigung der Erw\u00e4rmung der Erde gewarnt: \u201eDie Wissenschaftler sagen, dass diese Hitze in Europa zu extremer Wasserknappheit f\u00fchrt, Ernteausf\u00e4lle in gro\u00dfem Ausma\u00df bewirkt, Extremwetter von D\u00fcrre bis \u00dcberschwemmungen sich abwechseln und die Hitze lebensbedrohlich wird. Und das nicht nur im S\u00fcden Europas, nein, auch im M\u00fcnsterland.\u201c W\u00f6rtlich hie\u00dfe es in deren Bericht: \u201eEine zuk\u00fcnftige starke globale Erw\u00e4rmung kann dazu f\u00fchren, dass nicht nur Deutschland finanziell, gesellschaftlich und technologisch seine F\u00e4higkeiten verliert, die Gesundheit und das Leben der Menschen durch Anpassungsma\u00dfnahmen hinreichend zu sch\u00fctzen.\u201c Hinzu komme, dass die extremen Klimaver\u00e4nderungen einen gro\u00dfen Anteil am Artensterben weltweit h\u00e4tten, einer weiteren Bedrohung des menschlichen \u00dcberlebens auf dieser Erde. Was auf dem Spiel steht, was wir alle verlieren k\u00f6nnen, das zeigte zum Schluss des Vortrags Gerlinde Albrecht mit einigen wunderbaren Naturaufnahmen und mit Aufnahmen von kleinen Kindern. Die leise Schlussfrage: \u201eWie wollen wir in Zukunft leben?\u201c&nbsp;<\/p>\n\n\n\n<div data-wp-interactive=\"core\/file\" class=\"wp-block-file\"><object data-wp-bind--hidden=\"!state.hasPdfPreview\" hidden class=\"wp-block-file__embed\" data=\"https:\/\/die-feuermelder.de\/wp-content\/uploads\/2025\/10\/20251008-Vortrag-Olfen.pdf\" type=\"application\/pdf\" style=\"width:100%;height:600px\" aria-label=\"Einbettung von 20251008 Vortrag Olfen.\"><\/object><a id=\"wp-block-file--media-48816bf0-bf80-4a88-9738-6f2ece3ff2ac\" href=\"https:\/\/die-feuermelder.de\/wp-content\/uploads\/2025\/10\/20251008-Vortrag-Olfen.pdf\">20251008 Vortrag Olfen<\/a><a href=\"https:\/\/die-feuermelder.de\/wp-content\/uploads\/2025\/10\/20251008-Vortrag-Olfen.pdf\" class=\"wp-block-file__button wp-element-button\" download aria-describedby=\"wp-block-file--media-48816bf0-bf80-4a88-9738-6f2ece3ff2ac\">Herunterladen<\/a><\/div>\n\n\n\n<p><\/p>\n\n\n\n<hr class=\"wp-block-separator has-alpha-channel-opacity\"\/>\n\n\n\n<hr class=\"wp-block-separator has-alpha-channel-opacity\"\/>\n\n\n\n<p class=\"has-medium-font-size\"><strong>20.9.2025   Olfen<\/strong><\/p>\n\n\n\n<p>Blockade-Aktion der \u201eFeuermelder\u201c, der Klimaaktivisten Kreis Coesfeld.<\/p>\n\n\n\n<figure class=\"wp-block-image size-large\"><img loading=\"lazy\" decoding=\"async\" width=\"1024\" height=\"458\" src=\"https:\/\/die-feuermelder.de\/wp-content\/uploads\/2025\/10\/Foto-Feuermelder-Olfen-2-1024x458.jpg\" alt=\"\" class=\"wp-image-80\" srcset=\"https:\/\/die-feuermelder.de\/wp-content\/uploads\/2025\/10\/Foto-Feuermelder-Olfen-2-1024x458.jpg 1024w, https:\/\/die-feuermelder.de\/wp-content\/uploads\/2025\/10\/Foto-Feuermelder-Olfen-2-300x134.jpg 300w, https:\/\/die-feuermelder.de\/wp-content\/uploads\/2025\/10\/Foto-Feuermelder-Olfen-2-768x343.jpg 768w, https:\/\/die-feuermelder.de\/wp-content\/uploads\/2025\/10\/Foto-Feuermelder-Olfen-2.jpg 1533w\" sizes=\"auto, (max-width: 767px) 89vw, (max-width: 1000px) 54vw, (max-width: 1071px) 543px, 580px\" \/><\/figure>\n\n\n\n<p><br>Olfen. Millionen Menschen sind auf der Flucht \u2013 Hungersnot, kein Wasser, Hitze und D\u00fcrre. Das passiert \u2013 so prognostizieren Klimaforscher, wenn die Welt sich um drei Grad erhitzt. Dies sei wahrscheinlich, wenn nicht sofort das Ruder in Sachen Energiewende und Klimaschutz herumgerissen werde. Diese Informationen verteilten Klimaaktivisten aus der Kreis Coesfeld mit dem Namen \u201eFeuermelder\u201c am Samstagmorgen in Olfen, wo sie die Bilholtstra\u00dfe eine Stunde lang im Drei-Minuten-Takt blockierten. \u201eDrei Minuten nachdenken \u00fcber 3 Grad mehr!\u201c stand auf deren Transparent. Die Aktion fand statt im <\/p>\n\n\n\n<div data-wp-interactive=\"core\/file\" class=\"wp-block-file\"><object data-wp-bind--hidden=\"!state.hasPdfPreview\" hidden class=\"wp-block-file__embed\" data=\"https:\/\/die-feuermelder.de\/wp-content\/uploads\/2025\/10\/Flyer-Feuermeldung-Olfen.pdf\" type=\"application\/pdf\" style=\"width:100%;height:475px\" aria-label=\"Einbettung von Flyer Feuermeldung  Olfen.\"><\/object><a id=\"wp-block-file--media-a11dbf6c-5a6f-4828-b87d-4c502c362c05\" href=\"https:\/\/die-feuermelder.de\/wp-content\/uploads\/2025\/10\/Flyer-Feuermeldung-Olfen.pdf\">Flyer Feuermeldung  Olfen<\/a><a href=\"https:\/\/die-feuermelder.de\/wp-content\/uploads\/2025\/10\/Flyer-Feuermeldung-Olfen.pdf\" class=\"wp-block-file__button wp-element-button\" download aria-describedby=\"wp-block-file--media-a11dbf6c-5a6f-4828-b87d-4c502c362c05\">Herunterladen<\/a><\/div>\n\n\n\n<p>Rahmen des globalen Klimastreiks. In \u00fcber 100 L\u00e4ndern gingen am Samstag Menschen auf die Stra\u00dfe, um f\u00fcr mehr Klimaschutz zu demonstrieren. Bei strahlendem Sonnenschein und unter den Augen der Kreispolizei fand die Aktion statt, sehr ruhig und ohne besondere Vorkommnisse. Die meisten Autofahrer nahmen die kurze Pause gelassen hin, nahmen den Handzettel und einige bedankten sich \u2013 so die Organisation \u201eFeuermelder\u201c gar f\u00fcr die Aktion. Nat\u00fcrlich gab es auch Autofahrer, die nicht erfreut waren und auch den Flyer nicht entgegennahmen. Ernsthafte Beschimpfungen, wie die Gruppe sich schon bei <\/p>\n\n\n\n<div data-wp-interactive=\"core\/file\" class=\"wp-block-file\"><object data-wp-bind--hidden=\"!state.hasPdfPreview\" hidden class=\"wp-block-file__embed\" data=\"https:\/\/die-feuermelder.de\/wp-content\/uploads\/2025\/10\/Flyer-Feuermeldung-Olfen-3-Grad.pdf\" type=\"application\/pdf\" style=\"width:100%;height:600px\" aria-label=\"Einbettung von Flyer Feuermeldung  Olfen  3 Grad.\"><\/object><a id=\"wp-block-file--media-fc074fb0-1a20-4406-9a17-a9faab99fb5a\" href=\"https:\/\/die-feuermelder.de\/wp-content\/uploads\/2025\/10\/Flyer-Feuermeldung-Olfen-3-Grad.pdf\">Flyer Feuermeldung  Olfen  3 Grad<\/a><a href=\"https:\/\/die-feuermelder.de\/wp-content\/uploads\/2025\/10\/Flyer-Feuermeldung-Olfen-3-Grad.pdf\" class=\"wp-block-file__button wp-element-button\" download aria-describedby=\"wp-block-file--media-fc074fb0-1a20-4406-9a17-a9faab99fb5a\">Herunterladen<\/a><\/div>\n\n\n\n<p>vergangenen Aktionen in anderen Kommunen des Kreises erlebte, gab es diesmal nicht. Aus Olfen und der n\u00e4heren Umgebung waren sogar einige dazugekommen, um die Aktion zu unterst\u00fctzen. Aber es gab auch aus Olfen Ablehnung. Eine kleine Radfahrergruppe be\u00e4ugte die Aktion kritisch und \u00e4u\u00dferte, als sie von den Aktivisten angesprochen wurden, deutliche Kritik bez\u00fcglich der Aktion: Die solle doch lieber im Park oder auf dem Marktplatz stattfinden. Die Antwort von Mechthild Balster, Feuermelder, darauf: \u201eSeit 30 Jahren engagieren wir uns f\u00fcr Umwelt und Klimaschutz. Wir haben viel erreicht, aber nicht, dass die Regierungen der Welt den notwendigen Schritt in Sachen Klimaschutz getan haben. Normale Demonstrationen \u2013 vor f\u00fcnf Jahren gingen Millionen auf die Stra\u00dfe \u2013 helfen nicht. Deshalb m\u00fcssen wir auch \u2013 auf niedrigem Niveau \u2013 st\u00f6rend in den Alltag eingreifen \u2013 so, dass wir nicht ignoriert werden k\u00f6nnen.\u201c&nbsp; Dass damit nicht alle einverstanden seien, sei einkalkuliert. Auch Beschimpfungen und Aggressionen, wie sie auch diesmal wieder in den Sozialen Medien zu lesen waren.&nbsp; Mechthild Balster: \u201eWir bleiben friedlich und ruhig, aber auch fest im Ziel: Wir m\u00fcssen als Gesellschaft die Kehrwende hinbekommen, ganz schnell. Drei Grad mehr \u2013 das ist eine Welt, die die Lebensgrundlage f\u00fcr Millionen von Menschen zerst\u00f6rt.\u201c<\/p>\n\n\n\n<p>Gerne m\u00f6chten die Mitglieder der Feuermelder dar\u00fcber auch mit den Menschen in Olfen ins Gespr\u00e4ch kommen, auch kontrovers diskutieren. Gelegenheit gibt es dazu auf einem Info- und Gespr\u00e4chsabend in Olfen: &nbsp;Mittwoch, den 8.10.2025 um 19 Uhr im Haus Katharina, Kirchstr. 19, Olfen. Dazu sind alle B\u00fcrgerinnen und B\u00fcrger eingeladen.<\/p>\n\n\n\n<p><\/p>\n","protected":false},"excerpt":{"rendered":"<p>8.10.2025 Olfen \u201eWir wollen wir in Zukunft leben?\u201c (Foto &#8211; Vortrag\/Video Vortrag\/Folien) Klimaabend in Olfen:\u00a0 Ein beeindruckender Vortrag der \u201eFeuermelder\u201c und eine muntere Diskussion danach. Olfen. \u201eWir gehen sehenden Auges in die Katastrophe! Dabei k\u00f6nnen und wollen wir nicht zusehen.&nbsp; Wir wollen aufr\u00fctteln und daf\u00fcr sind St\u00f6rung und Unterbrechung notwendig, alles andere dringt nicht durch. &hellip; <\/p>\n<p class=\"link-more\"><a href=\"https:\/\/die-feuermelder.de\/?page_id=46\" class=\"more-link\"><span class=\"screen-reader-text\">\u201eUnsere Aktionen und Aktivit\u00e4ten\u201c<\/span> weiterlesen<\/a><\/p>\n","protected":false},"author":1,"featured_media":0,"parent":0,"menu_order":0,"comment_status":"closed","ping_status":"closed","template":"","meta":{"footnotes":""},"class_list":["post-46","page","type-page","status-publish","hentry"],"_links":{"self":[{"href":"https:\/\/die-feuermelder.de\/index.php?rest_route=\/wp\/v2\/pages\/46","targetHints":{"allow":["GET"]}}],"collection":[{"href":"https:\/\/die-feuermelder.de\/index.php?rest_route=\/wp\/v2\/pages"}],"about":[{"href":"https:\/\/die-feuermelder.de\/index.php?rest_route=\/wp\/v2\/types\/page"}],"author":[{"embeddable":true,"href":"https:\/\/die-feuermelder.de\/index.php?rest_route=\/wp\/v2\/users\/1"}],"replies":[{"embeddable":true,"href":"https:\/\/die-feuermelder.de\/index.php?rest_route=%2Fwp%2Fv2%2Fcomments&post=46"}],"version-history":[{"count":7,"href":"https:\/\/die-feuermelder.de\/index.php?rest_route=\/wp\/v2\/pages\/46\/revisions"}],"predecessor-version":[{"id":155,"href":"https:\/\/die-feuermelder.de\/index.php?rest_route=\/wp\/v2\/pages\/46\/revisions\/155"}],"wp:attachment":[{"href":"https:\/\/die-feuermelder.de\/index.php?rest_route=%2Fwp%2Fv2%2Fmedia&parent=46"}],"curies":[{"name":"wp","href":"https:\/\/api.w.org\/{rel}","templated":true}]}}