{"id":61,"date":"2025-10-07T16:38:04","date_gmt":"2025-10-07T14:38:04","guid":{"rendered":"https:\/\/die-feuermelder.de\/?page_id=61"},"modified":"2025-10-09T09:45:06","modified_gmt":"2025-10-09T07:45:06","slug":"termine-aktionen","status":"publish","type":"page","link":"https:\/\/die-feuermelder.de\/?page_id=61","title":{"rendered":"Termine-Aktionen"},"content":{"rendered":"\n<hr class=\"wp-block-separator has-alpha-channel-opacity\"\/>\n\n\n\n<p class=\"has-medium-font-size\"><strong>Wir treffen uns zweimal im Monat<\/strong> an einem Mittwoch um 18.30 Uhr<\/p>\n\n\n\n<ul class=\"wp-block-list\">\n<li>Einmal in Pr\u00e4sens &#8211; Johanneshaus, D\u00fclmener Stra\u00dfe, Nottuln<\/li>\n<\/ul>\n\n\n\n<ul class=\"wp-block-list\">\n<li>Einmal per Zoom.<\/li>\n<\/ul>\n\n\n\n<p class=\"has-text-align-center\">Wer eingeladen werden m\u00f6chte, wer mal reinschauen m\u00f6chte, gerne!<br>Bitte kurz melden:  <a href=\"mailto:info@feuermelder.de\">info@feuermelder.de<\/a>   <\/p>\n\n\n\n<hr class=\"wp-block-separator has-alpha-channel-opacity\"\/>\n\n\n\n<p>8.10.2025   19 Uhr   Haus Katharina , Kirchstra\u00dfe 19<\/p>\n\n\n\n<p class=\"has-medium-font-size\"><strong>Vortrag in Olfen:<\/strong><\/p>\n\n\n\n<figure class=\"wp-block-image size-large\"><img loading=\"lazy\" decoding=\"async\" width=\"1024\" height=\"563\" src=\"http:\/\/die-feuermelder.de\/wp-content\/uploads\/2025\/10\/Was-wenn-wir-nichts-tun-1024x563.jpg\" alt=\"\" class=\"wp-image-74\" srcset=\"https:\/\/die-feuermelder.de\/wp-content\/uploads\/2025\/10\/Was-wenn-wir-nichts-tun-1024x563.jpg 1024w, https:\/\/die-feuermelder.de\/wp-content\/uploads\/2025\/10\/Was-wenn-wir-nichts-tun-300x165.jpg 300w, https:\/\/die-feuermelder.de\/wp-content\/uploads\/2025\/10\/Was-wenn-wir-nichts-tun-768x422.jpg 768w, https:\/\/die-feuermelder.de\/wp-content\/uploads\/2025\/10\/Was-wenn-wir-nichts-tun.jpg 1250w\" sizes=\"auto, (max-width: 767px) 89vw, (max-width: 1000px) 54vw, (max-width: 1071px) 543px, 580px\" \/><\/figure>\n\n\n\n<p>\u201eZiviler und gewaltloser Widerstand in der Klimakrise \u2013 \u201eFeuermelder\u201c im Kreis Coesfeld\u201c<\/p>\n\n\n\n<p>Olfen. Mit Blockade-Aktionen machte die Organisation \u201eFeuermelder\u201c in den letzten Monaten auf sich und auf ihr Anliegen aufmerksam: \u201e3 Minuten nachdenken \u00fcber 3 Grad mehr!\u201c Auch in Olfen. Nicht unumstritten! Heftig diskutiert. Die Reaktionen waren sehr kontrovers.&nbsp; Zu einem Vortrags- und Gespr\u00e4chsabend laden die Klimaaktivisten nun die Olfener B\u00fcrgerinnen und B\u00fcrger am Mittwoch, den 8.10.2025 um 19 Uhr ins Haus Katharina, Kirchstra\u00dfe 19, ein. Gerlinde Albrecht wird den Vortrag halten und sich dabei auch auf den neusten Klimaaufruf der Deutsche Meteorologische Gesellschaft (DMG) und der Deutsche Physikalische Gesellschaft (DPG) beziehen, erschienen erst vor ein paar Tagen. Zum Abschluss des Extremwetterkongresses in Hamburg riefen die Klimaforschenden dazu auf, \u201eunverz\u00fcglich ein sehr viel wirksameres Programm zur Eind\u00e4mmung von menschengemachten Klima\u00e4nderungen voranzutreiben und die hierf\u00fcr notwendigen Ma\u00dfnahmen nicht weiter in die Zukunft zu verschieben\u201c. Die Klimaentwicklung, warnen DMG und DPG, schreite schneller voran, als es selbst das \u201eWorst-Case-Szenario\u201c des sechsten Sachstandsberichts des IPCC im Jahr 2021 berechnet hat. Es k\u00f6nne nicht mehr ausgeschlossen werden, dass bereits um das Jahr 2050 eine Erw\u00e4rmung um drei Grad gegen\u00fcber dem vorindustriellen Niveau erreicht werde. \u201eWir sind zu schnell unterwegs\u201c, sagte Frank B\u00f6ttcher, DMG-Vorsitzender und spricht von einem \u201eextremen Sprung\u201c und von \u201eVer\u00e4nderungen in einer Dimension, die wir in der Menschheitsgeschichte noch nicht erlebt haben\u201c. B\u00f6ttcher: \u201eWir fliegen aus der Klimakurve.\u201c<\/p>\n\n\n\n<p>Rund 20 B\u00fcrgerinnen und B\u00fcrger aus dem ganzen Kreis haben sich der Gruppe \u201eFeuermelder\u201c (fr\u00fcher \u201eLetzte Generation\u201c) angeschlossen. Die Mitglieder werden auch \u00fcber ihre pers\u00f6nliche Motivation ihres Engagements berichten, auch wie die Organisation arbeitet und welche Perspektiven sie hat.&nbsp; Nach dem Vortrag gibt es Zeit f\u00fcr Fragen und Anregungen. Kontroverse sei erw\u00fcnscht, auch alternative Vorschl\u00e4ge und Ideen f\u00fcr einen engagierten Klimaschutz.&nbsp;&nbsp;<\/p>\n\n\n<div class=\"wp-block-image\">\n<figure class=\"alignright size-medium\"><img loading=\"lazy\" decoding=\"async\" width=\"225\" height=\"300\" src=\"https:\/\/die-feuermelder.de\/wp-content\/uploads\/2025\/10\/Gerlinde-Albrecht-225x300.jpg\" alt=\"\" class=\"wp-image-67\" srcset=\"https:\/\/die-feuermelder.de\/wp-content\/uploads\/2025\/10\/Gerlinde-Albrecht-225x300.jpg 225w, https:\/\/die-feuermelder.de\/wp-content\/uploads\/2025\/10\/Gerlinde-Albrecht-768x1024.jpg 768w, https:\/\/die-feuermelder.de\/wp-content\/uploads\/2025\/10\/Gerlinde-Albrecht-1152x1536.jpg 1152w, https:\/\/die-feuermelder.de\/wp-content\/uploads\/2025\/10\/Gerlinde-Albrecht-1536x2048.jpg 1536w, https:\/\/die-feuermelder.de\/wp-content\/uploads\/2025\/10\/Gerlinde-Albrecht-scaled.jpg 1920w\" sizes=\"auto, (max-width: 225px) 100vw, 225px\" \/><\/figure>\n<\/div>\n\n\n<p>Mit freundlichen Gr\u00fc\u00dfen<\/p>\n\n\n\n<p>Robert H\u00fclsbusch<\/p>\n\n\n\n<p>Foto:&nbsp; Gerlinde Albrecht wird f\u00fcr die Gruppe \u201eFeuermelder\u201c, Kreis Coesfeld einen Vortrag \u00fcber Klima und Klimaschutz halten. Auch die Aktionen werden zur Diskussion gestellt. Kontroverse ist erw\u00fcnscht.<\/p>\n\n\n\n<p><\/p>\n","protected":false},"excerpt":{"rendered":"<p>Wir treffen uns zweimal im Monat an einem Mittwoch um 18.30 Uhr Wer eingeladen werden m\u00f6chte, wer mal reinschauen m\u00f6chte, gerne!Bitte kurz melden: info@feuermelder.de 8.10.2025 19 Uhr Haus Katharina , Kirchstra\u00dfe 19 Vortrag in Olfen: \u201eZiviler und gewaltloser Widerstand in der Klimakrise \u2013 \u201eFeuermelder\u201c im Kreis Coesfeld\u201c Olfen. Mit Blockade-Aktionen machte die Organisation \u201eFeuermelder\u201c in &hellip; <\/p>\n<p class=\"link-more\"><a href=\"https:\/\/die-feuermelder.de\/?page_id=61\" class=\"more-link\"><span class=\"screen-reader-text\">\u201eTermine-Aktionen\u201c<\/span> weiterlesen<\/a><\/p>\n","protected":false},"author":1,"featured_media":0,"parent":0,"menu_order":0,"comment_status":"closed","ping_status":"closed","template":"","meta":{"footnotes":""},"class_list":["post-61","page","type-page","status-publish","hentry"],"_links":{"self":[{"href":"https:\/\/die-feuermelder.de\/index.php?rest_route=\/wp\/v2\/pages\/61","targetHints":{"allow":["GET"]}}],"collection":[{"href":"https:\/\/die-feuermelder.de\/index.php?rest_route=\/wp\/v2\/pages"}],"about":[{"href":"https:\/\/die-feuermelder.de\/index.php?rest_route=\/wp\/v2\/types\/page"}],"author":[{"embeddable":true,"href":"https:\/\/die-feuermelder.de\/index.php?rest_route=\/wp\/v2\/users\/1"}],"replies":[{"embeddable":true,"href":"https:\/\/die-feuermelder.de\/index.php?rest_route=%2Fwp%2Fv2%2Fcomments&post=61"}],"version-history":[{"count":6,"href":"https:\/\/die-feuermelder.de\/index.php?rest_route=\/wp\/v2\/pages\/61\/revisions"}],"predecessor-version":[{"id":149,"href":"https:\/\/die-feuermelder.de\/index.php?rest_route=\/wp\/v2\/pages\/61\/revisions\/149"}],"wp:attachment":[{"href":"https:\/\/die-feuermelder.de\/index.php?rest_route=%2Fwp%2Fv2%2Fmedia&parent=61"}],"curies":[{"name":"wp","href":"https:\/\/api.w.org\/{rel}","templated":true}]}}